{"id":790,"date":"2014-10-02T11:29:03","date_gmt":"2014-10-02T11:29:03","guid":{"rendered":"https:\/\/www.arno-sas.fr\/?page_id=790"},"modified":"2026-01-15T09:52:58","modified_gmt":"2026-01-15T08:52:58","slug":"industrial-forging","status":"publish","type":"page","link":"https:\/\/www.arno-sas.fr\/en\/industrial-forging\/","title":{"rendered":"Industrial Forging"},"content":{"rendered":"<div class=\"wpb-content-wrapper\"><p>[vc_row full_width=&#8221;stretch_row_content_no_spaces&#8221; equal_height=&#8221;yes&#8221; parallax=&#8221;content-moving&#8221; parallax_image=&#8221;1227&#8243; el_class=&#8221;clair&#8221;][vc_column][vc_empty_space height=&#8221;60&#8243;][vc_column_text css=&#8221;&#8221; el_class=&#8221;bloc transparent&#8221;]<\/p>\n<h4>For nearly 100 years, ARNO SAS has mastered the art of industrial forging.<br \/>\nSince 1933, we have been designing and manufacturing custom-forged parts for the most demanding sectors: industry, agriculture, agri-food, viticulture, medical and pharmaceutical applications, as well as cutlery.<\/h4>\n<p>[\/vc_column_text][vc_empty_space height=&#8221;60&#8243;][\/vc_column][\/vc_row][vc_row equal_height=&#8221;yes&#8221; content_placement=&#8221;middle&#8221;][vc_column width=&#8221;1\/2&#8243; el_class=&#8221;bloc sombre pas-de-marge&#8221;][vc_column_text css=&#8221;&#8221;]<\/p>\n<h2>Hot Forging<\/h2>\n<p>Hot forging \u2014 also known as stamping \u2014 lies at the heart of ARNO\u2019s expertise and has done so for several decades.<\/p>\n<div>\n<p>Thanks to induction heating, our forged parts benefit from a stable and fully controlled manufacturing process. This method prevents metal overheating, reduces scale formation, and ensures consistent, repeatable quality.<\/p>\n<\/div>\n<p>[\/vc_column_text][\/vc_column][vc_column width=&#8221;1\/2&#8243; el_class=&#8221;bloc sombre pas-de-marge&#8221;][vc_single_image image=&#8221;1212&#8243; img_size=&#8221;large&#8221; css=&#8221;&#8221;][\/vc_column][\/vc_row][vc_row equal_height=&#8221;yes&#8221; content_placement=&#8221;middle&#8221;][vc_column width=&#8221;1\/2&#8243; el_class=&#8221;bloc sombre pas-de-marge&#8221;][vc_single_image image=&#8221;1216&#8243; img_size=&#8221;large&#8221; css=&#8221;&#8221;][\/vc_column][vc_column width=&#8221;1\/2&#8243; el_class=&#8221;bloc sombre pas-de-marge&#8221;][vc_column_text css=&#8221;&#8221;]<\/p>\n<p data-pm-slice=\"1 1 []\">Our experienced team supports you throughout the development of your industrial forged components, relying on our in-house design office to create the most suitable solutions for your technical requirements and industry constraints.<\/p>\n<div>\n<p>We forge a wide range of steel and stainless-steel grades, with the option to deliver parts annealed or with specific heat treatments such as quenching &amp; tempering, carburizing, or nitriding.<\/p>\n<p>ARNO also manages machining and grinding operations through our fully integrated capabilities (see our <strong>Machining<\/strong> and <strong>Grinding<\/strong> departments).<\/p>\n<\/div>\n<p>[\/vc_column_text][\/vc_column][\/vc_row][vc_row equal_height=&#8221;yes&#8221; content_placement=&#8221;middle&#8221;][vc_column width=&#8221;1\/2&#8243; el_class=&#8221;bloc sombre pas-de-marge&#8221;][vc_column_text css=&#8221;&#8221;]<strong style=\"font-size: 16px;\">Our Industrial Forging Workshop<\/strong><\/p>\n<div>\n<p>Our production facilities include:<\/p>\n<ul>\n<li>Robotized and manual power hammers<\/li>\n<li>100% electric induction-based forging lines<\/li>\n<li>Hot and cold cutting presses<\/li>\n<li>Laser cutting for forged parts<\/li>\n<li>Fully integrated tooling design and manufacturing (forging dies, cutting tools), done entirely in-house<\/li>\n<li>Additional finishing options: shot blasting, machining, grinding, surface finishing, heat treatments<\/li>\n<\/ul>\n<\/div>\n<p>[\/vc_column_text][\/vc_column][vc_column width=&#8221;1\/2&#8243; el_class=&#8221;bloc sombre pas-de-marge&#8221;]        <div id=\"69de2ed636db5\" class=\"carousel slide\" data-ride=\"carousel\" data-interval=\"5000\">\n\n            <!-- Indicators -->\n            <ol class=\"carousel-indicators\">\n                                    <li data-target=\"#69de2ed636db5\"\n                        data-slide-to=\"0\"\n                        class=\"active\">\n                    <\/li>\n                                    <li data-target=\"#69de2ed636db5\"\n                        data-slide-to=\"1\"\n                        >\n                    <\/li>\n                                    <li data-target=\"#69de2ed636db5\"\n                        data-slide-to=\"2\"\n                        >\n                    <\/li>\n                            <\/ol>\n\n            <!-- Wrapper for slides -->\n            <div class=\"carousel-inner\">\n                                    <div class=\"item active\">\n\n                        <img loading=\"lazy\" decoding=\"async\" width=\"1200\" height=\"800\" src=\"https:\/\/www.arno-sas.fr\/wp-content\/uploads\/2025\/06\/forge-estampage-piece-forge-industrie-1200x800.jpg\" class=\"attachment-large size-large\" alt=\"forge industrielle estampage\" srcset=\"https:\/\/www.arno-sas.fr\/wp-content\/uploads\/2025\/06\/forge-estampage-piece-forge-industrie-1200x800.jpg 1200w, https:\/\/www.arno-sas.fr\/wp-content\/uploads\/2025\/06\/forge-estampage-piece-forge-industrie-600x400.jpg 600w, https:\/\/www.arno-sas.fr\/wp-content\/uploads\/2025\/06\/forge-estampage-piece-forge-industrie-768x512.jpg 768w, https:\/\/www.arno-sas.fr\/wp-content\/uploads\/2025\/06\/forge-estampage-piece-forge-industrie-1536x1025.jpg 1536w, https:\/\/www.arno-sas.fr\/wp-content\/uploads\/2025\/06\/forge-estampage-piece-forge-industrie.jpg 1799w\" sizes=\"auto, (max-width: 1200px) 100vw, 1200px\" \/>\n                        <div class=\"carousel-caption\">\n                            <div class=\"carousel-caption-title\">forge estampage piece forge industrie<\/div>\n                            <div class=\"carousel-caption-legende\"><\/div>\n                        <\/div>\n                    <\/div>\n                                    <div class=\"item \">\n\n                        <img loading=\"lazy\" decoding=\"async\" width=\"1200\" height=\"800\" src=\"https:\/\/www.arno-sas.fr\/wp-content\/uploads\/2025\/06\/forge-sous-pilon-lopin-finition-1200x800.jpg\" class=\"attachment-large size-large\" alt=\"estampage\" srcset=\"https:\/\/www.arno-sas.fr\/wp-content\/uploads\/2025\/06\/forge-sous-pilon-lopin-finition-1200x800.jpg 1200w, https:\/\/www.arno-sas.fr\/wp-content\/uploads\/2025\/06\/forge-sous-pilon-lopin-finition-600x400.jpg 600w, https:\/\/www.arno-sas.fr\/wp-content\/uploads\/2025\/06\/forge-sous-pilon-lopin-finition-768x512.jpg 768w, https:\/\/www.arno-sas.fr\/wp-content\/uploads\/2025\/06\/forge-sous-pilon-lopin-finition-1536x1024.jpg 1536w, https:\/\/www.arno-sas.fr\/wp-content\/uploads\/2025\/06\/forge-sous-pilon-lopin-finition.jpg 1800w\" sizes=\"auto, (max-width: 1200px) 100vw, 1200px\" \/>\n                        <div class=\"carousel-caption\">\n                            <div class=\"carousel-caption-title\">forge sous pilon lopin finition<\/div>\n                            <div class=\"carousel-caption-legende\"><\/div>\n                        <\/div>\n                    <\/div>\n                                    <div class=\"item \">\n\n                        <img loading=\"lazy\" decoding=\"async\" width=\"1200\" height=\"800\" src=\"https:\/\/www.arno-sas.fr\/wp-content\/uploads\/2025\/06\/decoupe-presse-piece-forge-decoupage-a-chaud--1200x800.jpg\" class=\"attachment-large size-large\" alt=\"d\u00e9coupage \u00e0 chaud sous presse\" srcset=\"https:\/\/www.arno-sas.fr\/wp-content\/uploads\/2025\/06\/decoupe-presse-piece-forge-decoupage-a-chaud--1200x800.jpg 1200w, https:\/\/www.arno-sas.fr\/wp-content\/uploads\/2025\/06\/decoupe-presse-piece-forge-decoupage-a-chaud--600x400.jpg 600w, https:\/\/www.arno-sas.fr\/wp-content\/uploads\/2025\/06\/decoupe-presse-piece-forge-decoupage-a-chaud--768x512.jpg 768w, https:\/\/www.arno-sas.fr\/wp-content\/uploads\/2025\/06\/decoupe-presse-piece-forge-decoupage-a-chaud--1536x1025.jpg 1536w, https:\/\/www.arno-sas.fr\/wp-content\/uploads\/2025\/06\/decoupe-presse-piece-forge-decoupage-a-chaud-.jpg 1799w\" sizes=\"auto, (max-width: 1200px) 100vw, 1200px\" \/>\n                        <div class=\"carousel-caption\">\n                            <div class=\"carousel-caption-title\">d\u00e9coupe presse pi\u00e8ce forg\u00e9 d\u00e9coupage \u00e0 chaud<\/div>\n                            <div class=\"carousel-caption-legende\"><\/div>\n                        <\/div>\n                    <\/div>\n                            <\/div>\n\n            <!-- Controls -->\n            <a class=\"left carousel-control\" href=\"#69de2ed636db5\" data-slide=\"prev\">\n                <span class=\"glyphicon glyphicon-chevron-left\"><\/span>\n            <\/a>\n            <a class=\"right carousel-control\" href=\"#69de2ed636db5\" data-slide=\"next\">\n                <span class=\"glyphicon glyphicon-chevron-right\"><\/span>\n            <\/a>\n        <\/div>\n\n        [\/vc_column][\/vc_row][vc_row equal_height=&#8221;yes&#8221; content_placement=&#8221;middle&#8221;][vc_column width=&#8221;1\/2&#8243; el_class=&#8221;bloc sombre pas-de-marge&#8221;]        <div id=\"69de2ed637431\" class=\"carousel slide\" data-ride=\"carousel\" data-interval=\"5000\">\n\n            <!-- Indicators -->\n            <ol class=\"carousel-indicators\">\n                                    <li data-target=\"#69de2ed637431\"\n                        data-slide-to=\"0\"\n                        class=\"active\">\n                    <\/li>\n                                    <li data-target=\"#69de2ed637431\"\n                        data-slide-to=\"1\"\n                        >\n                    <\/li>\n                                    <li data-target=\"#69de2ed637431\"\n                        data-slide-to=\"2\"\n                        >\n                    <\/li>\n                                    <li data-target=\"#69de2ed637431\"\n                        data-slide-to=\"3\"\n                        >\n                    <\/li>\n                            <\/ol>\n\n            <!-- Wrapper for slides -->\n            <div class=\"carousel-inner\">\n                                    <div class=\"item active\">\n\n                        <img loading=\"lazy\" decoding=\"async\" width=\"1200\" height=\"900\" src=\"https:\/\/www.arno-sas.fr\/wp-content\/uploads\/2025\/06\/fleau-forge-1200x900.jpg\" class=\"attachment-large size-large\" alt=\"pi\u00e8ce forge\" srcset=\"https:\/\/www.arno-sas.fr\/wp-content\/uploads\/2025\/06\/fleau-forge-1200x900.jpg 1200w, https:\/\/www.arno-sas.fr\/wp-content\/uploads\/2025\/06\/fleau-forge-600x450.jpg 600w, https:\/\/www.arno-sas.fr\/wp-content\/uploads\/2025\/06\/fleau-forge-768x576.jpg 768w, https:\/\/www.arno-sas.fr\/wp-content\/uploads\/2025\/06\/fleau-forge-1536x1152.jpg 1536w, https:\/\/www.arno-sas.fr\/wp-content\/uploads\/2025\/06\/fleau-forge.jpg 1600w\" sizes=\"auto, (max-width: 1200px) 100vw, 1200px\" \/>\n                        <div class=\"carousel-caption\">\n                            <div class=\"carousel-caption-title\">fl\u00e9au forg\u00e9<\/div>\n                            <div class=\"carousel-caption-legende\"><\/div>\n                        <\/div>\n                    <\/div>\n                                    <div class=\"item \">\n\n                        <img loading=\"lazy\" decoding=\"async\" width=\"1200\" height=\"900\" src=\"https:\/\/www.arno-sas.fr\/wp-content\/uploads\/2025\/06\/manilles-forgees-1200x900.jpg\" class=\"attachment-large size-large\" alt=\"manille forge\" srcset=\"https:\/\/www.arno-sas.fr\/wp-content\/uploads\/2025\/06\/manilles-forgees-1200x900.jpg 1200w, https:\/\/www.arno-sas.fr\/wp-content\/uploads\/2025\/06\/manilles-forgees-600x450.jpg 600w, https:\/\/www.arno-sas.fr\/wp-content\/uploads\/2025\/06\/manilles-forgees-768x576.jpg 768w, https:\/\/www.arno-sas.fr\/wp-content\/uploads\/2025\/06\/manilles-forgees-1536x1152.jpg 1536w, https:\/\/www.arno-sas.fr\/wp-content\/uploads\/2025\/06\/manilles-forgees.jpg 1600w\" sizes=\"auto, (max-width: 1200px) 100vw, 1200px\" \/>\n                        <div class=\"carousel-caption\">\n                            <div class=\"carousel-caption-title\">manilles forg\u00e9es<\/div>\n                            <div class=\"carousel-caption-legende\"><\/div>\n                        <\/div>\n                    <\/div>\n                                    <div class=\"item \">\n\n                        <img loading=\"lazy\" decoding=\"async\" width=\"1024\" height=\"683\" src=\"https:\/\/www.arno-sas.fr\/wp-content\/uploads\/2018\/02\/arno-lame-coutellerie-couteau-wildsteer-1024x683.jpg\" class=\"attachment-large size-large\" alt=\"couteau forg\u00e9\" srcset=\"https:\/\/www.arno-sas.fr\/wp-content\/uploads\/2018\/02\/arno-lame-coutellerie-couteau-wildsteer-1024x683.jpg 1024w, https:\/\/www.arno-sas.fr\/wp-content\/uploads\/2018\/02\/arno-lame-coutellerie-couteau-wildsteer-300x200.jpg 300w, https:\/\/www.arno-sas.fr\/wp-content\/uploads\/2018\/02\/arno-lame-coutellerie-couteau-wildsteer-768x512.jpg 768w, https:\/\/www.arno-sas.fr\/wp-content\/uploads\/2018\/02\/arno-lame-coutellerie-couteau-wildsteer.jpg 1800w\" sizes=\"auto, (max-width: 1024px) 100vw, 1024px\" \/>\n                        <div class=\"carousel-caption\">\n                            <div class=\"carousel-caption-title\">Arno-Lame-coutellerie<\/div>\n                            <div class=\"carousel-caption-legende\"><\/div>\n                        <\/div>\n                    <\/div>\n                                    <div class=\"item \">\n\n                        <img loading=\"lazy\" decoding=\"async\" width=\"950\" height=\"633\" src=\"https:\/\/www.arno-sas.fr\/wp-content\/uploads\/2014\/10\/arno-espace-vert-1173.jpg\" class=\"attachment-large size-large\" alt=\"Branche s\u00e9cateur\" srcset=\"https:\/\/www.arno-sas.fr\/wp-content\/uploads\/2014\/10\/arno-espace-vert-1173.jpg 950w, https:\/\/www.arno-sas.fr\/wp-content\/uploads\/2014\/10\/arno-espace-vert-1173-300x199.jpg 300w\" sizes=\"auto, (max-width: 950px) 100vw, 950px\" \/>\n                        <div class=\"carousel-caption\">\n                            <div class=\"carousel-caption-title\">pince forge<\/div>\n                            <div class=\"carousel-caption-legende\"><\/div>\n                        <\/div>\n                    <\/div>\n                            <\/div>\n\n            <!-- Controls -->\n            <a class=\"left carousel-control\" href=\"#69de2ed637431\" data-slide=\"prev\">\n                <span class=\"glyphicon glyphicon-chevron-left\"><\/span>\n            <\/a>\n            <a class=\"right carousel-control\" href=\"#69de2ed637431\" data-slide=\"next\">\n                <span class=\"glyphicon glyphicon-chevron-right\"><\/span>\n            <\/a>\n        <\/div>\n\n        [\/vc_column][vc_column width=&#8221;1\/2&#8243; el_class=&#8221;bloc sombre pas-de-marge&#8221;][vc_column_text css=&#8221;&#8221;]<strong style=\"font-size: 16px;\">Forged Parts for All Sectors<\/strong><\/p>\n<div>\n<p>We support clients across numerous industries, producing medium and large production runs, including:<\/p>\n<ul>\n<li><strong>Industry:<\/strong> clamp arms, vise jaws, shears\u2026<\/li>\n<li><strong>Agriculture &amp; Ground-engaging tools:<\/strong> flails, shackles, scraper blades\u2026<\/li>\n<li><strong>Cutlery:<\/strong> forged kitchen knives, tactical knives\u2026<\/li>\n<li><strong>Viticulture:<\/strong> pruning blades, hook cutters<\/li>\n<li><strong>Agri-food:<\/strong> mixer blades<\/li>\n<li><strong>Recycling:<\/strong> shredder and recycling machine blades<\/li>\n<li><strong>Medical &amp; pharmaceutical sectors<\/strong><\/li>\n<\/ul>\n<p>Our forging process is designed to meet the specific constraints of each sector, ensuring optimal <strong>strength, durability, and precision<\/strong>.<\/p>\n<\/div>\n<p>[\/vc_column_text][\/vc_column][\/vc_row][vc_row][vc_column]<div class=\"ult-spacer spacer-69de2ed637c14\" data-id=\"69de2ed637c14\" data-height=\"30\" data-height-mobile=\"30\" data-height-tab=\"30\" data-height-tab-portrait=\"\" data-height-mobile-landscape=\"\" style=\"clear:both;display:block;\"><\/div>[\/vc_column][\/vc_row][vc_row][vc_column][vc_btn title=&#8221;Contact us for a personalized quote&#8221; style=&#8221;custom&#8221; custom_background=&#8221;&#8221; custom_text=&#8221;&#8221; shape=&#8221;square&#8221; align=&#8221;center&#8221; css=&#8221;&#8221; link=&#8221;url:https%3A%2F%2Fwww.arno-sas.fr%2Fnous-contacter%2F|title:Nous%20contacter&#8221; el_class=&#8221;bouton couleur-1&#8243;][\/vc_column][\/vc_row]<\/p>\n<\/div>","protected":false},"excerpt":{"rendered":"<p>[vc_row full_width=&#8221;stretch_row_content_no_spaces&#8221; equal_height=&#8221;yes&#8221; parallax=&#8221;content-moving&#8221; parallax_image=&#8221;1227&#8243; el_class=&#8221;clair&#8221;][vc_column][vc_empty_space height=&#8221;60&#8243;][vc_column_text css=&#8221;&#8221; el_class=&#8221;bloc transparent&#8221;] For nearly 100 years, ARNO SAS has mastered the art of industrial forging. Since 1933, we have been designing and manufacturing custom-forged parts for the most demanding sectors: industry, agriculture, agri-food, viticulture, medical and pharmaceutical applications, as well as cutlery. [\/vc_column_text][vc_empty_space height=&#8221;60&#8243;][\/vc_column][\/vc_row][vc_row equal_height=&#8221;yes&#8221; content_placement=&#8221;middle&#8221;][vc_column width=&#8221;1\/2&#8243; [&hellip;]<\/p>\n","protected":false},"author":1,"featured_media":0,"parent":0,"menu_order":0,"comment_status":"open","ping_status":"open","template":"","meta":{"footnotes":""},"class_list":["post-790","page","type-page","status-publish","hentry"],"yoast_head":"<!-- This site is optimized with the Yoast SEO plugin v26.7 - https:\/\/yoast.com\/wordpress\/plugins\/seo\/ -->\n<title>Forge Industrielle, Forge \u00e0 chaud- Arno SAS<\/title>\n<meta name=\"description\" content=\"Sp\u00e9cialiste de la forge industrielle et de la forge \u00e0 chaud, ARNO r\u00e9alise vos pi\u00e8ces sur mesure. D\u00e9couvrez notre expertise en forge \u00e0 chaud\" \/>\n<meta name=\"robots\" content=\"index, follow, max-snippet:-1, max-image-preview:large, max-video-preview:-1\" \/>\n<link rel=\"canonical\" href=\"https:\/\/www.arno-sas.fr\/en\/industrial-forging\/\" \/>\n<meta property=\"og:locale\" content=\"en_US\" \/>\n<meta property=\"og:type\" content=\"article\" \/>\n<meta property=\"og:title\" content=\"Forge Industrielle, Forge \u00e0 chaud- Arno SAS\" \/>\n<meta property=\"og:description\" content=\"Sp\u00e9cialiste de la forge industrielle et de la forge \u00e0 chaud, ARNO r\u00e9alise vos pi\u00e8ces sur mesure. D\u00e9couvrez notre expertise en forge \u00e0 chaud\" \/>\n<meta property=\"og:url\" content=\"https:\/\/www.arno-sas.fr\/en\/industrial-forging\/\" \/>\n<meta property=\"og:site_name\" content=\"Arno SAS\" \/>\n<meta property=\"article:modified_time\" content=\"2026-01-15T08:52:58+00:00\" \/>\n<meta name=\"twitter:label1\" content=\"Est. reading time\" \/>\n\t<meta name=\"twitter:data1\" content=\"4 minutes\" \/>\n<script type=\"application\/ld+json\" class=\"yoast-schema-graph\">{\"@context\":\"https:\/\/schema.org\",\"@graph\":[{\"@type\":\"WebPage\",\"@id\":\"https:\/\/www.arno-sas.fr\/en\/industrial-forging\/\",\"url\":\"https:\/\/www.arno-sas.fr\/en\/industrial-forging\/\",\"name\":\"Forge Industrielle, Forge \u00e0 chaud- Arno SAS\",\"isPartOf\":{\"@id\":\"https:\/\/www.arno-sas.fr\/#website\"},\"datePublished\":\"2014-10-02T11:29:03+00:00\",\"dateModified\":\"2026-01-15T08:52:58+00:00\",\"description\":\"Sp\u00e9cialiste de la forge industrielle et de la forge \u00e0 chaud, ARNO r\u00e9alise vos pi\u00e8ces sur mesure. D\u00e9couvrez notre expertise en forge \u00e0 chaud\",\"breadcrumb\":{\"@id\":\"https:\/\/www.arno-sas.fr\/en\/industrial-forging\/#breadcrumb\"},\"inLanguage\":\"en-US\",\"potentialAction\":[{\"@type\":\"ReadAction\",\"target\":[\"https:\/\/www.arno-sas.fr\/en\/industrial-forging\/\"]}]},{\"@type\":\"BreadcrumbList\",\"@id\":\"https:\/\/www.arno-sas.fr\/en\/industrial-forging\/#breadcrumb\",\"itemListElement\":[{\"@type\":\"ListItem\",\"position\":1,\"name\":\"Accueil\",\"item\":\"https:\/\/www.arno-sas.fr\/en\/\"},{\"@type\":\"ListItem\",\"position\":2,\"name\":\"Industrial Forging\"}]},{\"@type\":\"WebSite\",\"@id\":\"https:\/\/www.arno-sas.fr\/#website\",\"url\":\"https:\/\/www.arno-sas.fr\/\",\"name\":\"Arno SAS\",\"description\":\"Fabricant et forge de lames industrielles et outils tranchants\",\"potentialAction\":[{\"@type\":\"SearchAction\",\"target\":{\"@type\":\"EntryPoint\",\"urlTemplate\":\"https:\/\/www.arno-sas.fr\/?s={search_term_string}\"},\"query-input\":{\"@type\":\"PropertyValueSpecification\",\"valueRequired\":true,\"valueName\":\"search_term_string\"}}],\"inLanguage\":\"en-US\"}]}<\/script>\n<!-- \/ Yoast SEO plugin. -->","yoast_head_json":{"title":"Forge Industrielle, Forge \u00e0 chaud- Arno SAS","description":"Sp\u00e9cialiste de la forge industrielle et de la forge \u00e0 chaud, ARNO r\u00e9alise vos pi\u00e8ces sur mesure. D\u00e9couvrez notre expertise en forge \u00e0 chaud","robots":{"index":"index","follow":"follow","max-snippet":"max-snippet:-1","max-image-preview":"max-image-preview:large","max-video-preview":"max-video-preview:-1"},"canonical":"https:\/\/www.arno-sas.fr\/en\/industrial-forging\/","og_locale":"en_US","og_type":"article","og_title":"Forge Industrielle, Forge \u00e0 chaud- Arno SAS","og_description":"Sp\u00e9cialiste de la forge industrielle et de la forge \u00e0 chaud, ARNO r\u00e9alise vos pi\u00e8ces sur mesure. D\u00e9couvrez notre expertise en forge \u00e0 chaud","og_url":"https:\/\/www.arno-sas.fr\/en\/industrial-forging\/","og_site_name":"Arno SAS","article_modified_time":"2026-01-15T08:52:58+00:00","twitter_misc":{"Est. reading time":"4 minutes"},"schema":{"@context":"https:\/\/schema.org","@graph":[{"@type":"WebPage","@id":"https:\/\/www.arno-sas.fr\/en\/industrial-forging\/","url":"https:\/\/www.arno-sas.fr\/en\/industrial-forging\/","name":"Forge Industrielle, Forge \u00e0 chaud- Arno SAS","isPartOf":{"@id":"https:\/\/www.arno-sas.fr\/#website"},"datePublished":"2014-10-02T11:29:03+00:00","dateModified":"2026-01-15T08:52:58+00:00","description":"Sp\u00e9cialiste de la forge industrielle et de la forge \u00e0 chaud, ARNO r\u00e9alise vos pi\u00e8ces sur mesure. D\u00e9couvrez notre expertise en forge \u00e0 chaud","breadcrumb":{"@id":"https:\/\/www.arno-sas.fr\/en\/industrial-forging\/#breadcrumb"},"inLanguage":"en-US","potentialAction":[{"@type":"ReadAction","target":["https:\/\/www.arno-sas.fr\/en\/industrial-forging\/"]}]},{"@type":"BreadcrumbList","@id":"https:\/\/www.arno-sas.fr\/en\/industrial-forging\/#breadcrumb","itemListElement":[{"@type":"ListItem","position":1,"name":"Accueil","item":"https:\/\/www.arno-sas.fr\/en\/"},{"@type":"ListItem","position":2,"name":"Industrial Forging"}]},{"@type":"WebSite","@id":"https:\/\/www.arno-sas.fr\/#website","url":"https:\/\/www.arno-sas.fr\/","name":"Arno SAS","description":"Fabricant et forge de lames industrielles et outils tranchants","potentialAction":[{"@type":"SearchAction","target":{"@type":"EntryPoint","urlTemplate":"https:\/\/www.arno-sas.fr\/?s={search_term_string}"},"query-input":{"@type":"PropertyValueSpecification","valueRequired":true,"valueName":"search_term_string"}}],"inLanguage":"en-US"}]}},"_links":{"self":[{"href":"https:\/\/www.arno-sas.fr\/en\/wp-json\/wp\/v2\/pages\/790","targetHints":{"allow":["GET"]}}],"collection":[{"href":"https:\/\/www.arno-sas.fr\/en\/wp-json\/wp\/v2\/pages"}],"about":[{"href":"https:\/\/www.arno-sas.fr\/en\/wp-json\/wp\/v2\/types\/page"}],"author":[{"embeddable":true,"href":"https:\/\/www.arno-sas.fr\/en\/wp-json\/wp\/v2\/users\/1"}],"replies":[{"embeddable":true,"href":"https:\/\/www.arno-sas.fr\/en\/wp-json\/wp\/v2\/comments?post=790"}],"version-history":[{"count":13,"href":"https:\/\/www.arno-sas.fr\/en\/wp-json\/wp\/v2\/pages\/790\/revisions"}],"predecessor-version":[{"id":1613,"href":"https:\/\/www.arno-sas.fr\/en\/wp-json\/wp\/v2\/pages\/790\/revisions\/1613"}],"wp:attachment":[{"href":"https:\/\/www.arno-sas.fr\/en\/wp-json\/wp\/v2\/media?parent=790"}],"curies":[{"name":"wp","href":"https:\/\/api.w.org\/{rel}","templated":true}]}}