{"id":794,"date":"2018-10-25T07:26:13","date_gmt":"2018-10-25T07:26:13","guid":{"rendered":"https:\/\/www.arno-sas.fr\/?page_id=794"},"modified":"2018-11-20T14:55:36","modified_gmt":"2018-11-20T14:55:36","slug":"legal-notice","status":"publish","type":"page","link":"https:\/\/www.arno-sas.fr\/en\/legal-notice\/","title":{"rendered":"Legal Notice"},"content":{"rendered":"<div class=\"wpb-content-wrapper\"><p>[vc_row][vc_column][vc_column_text]<\/p>\n<h2 class=\"second_titre\">Objet<\/h2>\n<p>The purpose of these Terms and Conditions is to define the terms and conditions for making the services available on the site www.arno-sas.fr, hereinafter named \u00ab le Service \u00bb and the conditions of use of the Service by the User.<br \/>\nAny access and \/ or use of the Service implies the acceptance and the respect of all the terms of these Conditions and their unconditional acceptance. They therefore constitute a contract between the Service and the User.<br \/>\nIn the event that the User does not wish to accept all or part of the present general conditions, he is asked to give up any use of the Service.<\/p>\n<h2><b>Editor<\/b><\/h2>\n<p>The service is edited by :\u00a0Arno SAS<\/p>\n<ul>\n<li>The service is edited by :\u00a0Arno SAS<\/li>\n<li>Adress\u00a0: \u00a0ZI les Ravaux \u2013 63920 Peschadoires \u2013 France<\/li>\n<li>Phone\u00a0: (+33) 4 73 80 20 69<\/li>\n<li>TVA Intra-communautaire : FR15453047425<\/li>\n<li>N\u00b0 de SIRET :\u00a045304742500013<\/li>\n<li>Activities :\u00a0 Manufacture of other tools<\/li>\n<li>E-mail address\u00a0: contact@arno-sas.fr<\/li>\n<\/ul>\n<h3><b>Creation of the website :<\/b><\/h3>\n<p>Agency Scopika, 15 Rue du Pr\u00e9 La Reine 63100 Clermont-Ferrand.<br \/>\nWebsite hosting : Dedicated server<\/p>\n<h3><b>Hosting of the website<\/b><\/h3>\n<p>OVH &#8211; 2, Rue Kellermann<br \/>\nBP 80157<br \/>\n59053 ROUBAIX CEDEX 1<\/p>\n<h2><b>Definitions<\/b><\/h2>\n<ul>\n<li><b>User<\/b>: The User is anyone who uses the Site or any of the services offered on the Site.<\/li>\n<li><b>User Content<\/b>: The term \u201cUser Content\u201d refers to the data transmitted by the User in the different sections of the Site.<\/li>\n<li><b>Member<\/b>: The term \u201cMember\u201d refers to a user identified on the site.<\/li>\n<li><b>Identifier<\/b>: The term \u201cIdentifier\u201d covers the information necessary to identify a user on the site to access the areas reserved for members.<br \/>\n.<\/li>\n<li><b>Password <\/b>: The \u201cPassword\u201d is confidential information, which the User must keep secret, allowing him, used together with his ID, to prove the identity.\n<\/li>\n<\/ul>\n<h2><b>Service access<\/b><\/h2>\n<p>The Service is accessible free of charge to any User who has access to the Internet. All costs related to access to the Service, whether material costs, software or Internet access are exclusively the responsibility of the user. He is solely responsible for the proper functioning of his computer equipment as well as his access to the Internet.<br \/>\nSome sections of the site are reserved for Members after identification using their Username and Password.<br \/>\nThe Service reserves the right to refuse access to the Service, unilaterally and without prior notice, to any User who does not comply with these terms of use.<br \/>\nThe Service implements all reasonable means at its disposal to ensure quality access to the Service, but is under no obligation to do so.<br \/>\nThe Service can not be held responsible for any malfunction of the network or servers or any other event beyond the reasonable control that would prevent or degrade access to the Service.<br \/>\nThe Service reserves the right to interrupt, temporarily suspend or modify without notice access to all or part of the Service, in order to maintain it, or for any other reason, without interrupting it. right to no obligation or compensation.<\/p>\n<h2><b>Intellectual property<\/b><\/h2>\n<p>Le site arno-sas.scopika.com, notamment son contenu, est prot\u00e9g\u00e9 par le droit en vigueur en France. arno-sas.scopika.com sont les titulaires exclusifs de l&#8217;int\u00e9gralit\u00e9 des droits de propri\u00e9t\u00e9 intellectuelle sur le site et son contenu (textes, photographies, illustrations, images, logos, etc.).<\/p>\n<p>Le contenu reproduit sur le Site fait l\u2019objet d\u2019un droit d&#8217;auteur et sa reproduction ou sa diffusion, sans autorisation expresse \u00e9crite de arno-sas.scopika.com, constitue une contrefa\u00e7on passible de sanctions p\u00e9nales.<\/p>\n<p>\u00ab arno-sas.scopika.com \u00bb est une d\u00e9nomination d\u00e9pos\u00e9e de arno-sas.scopika.com. Toute reproduction non autoris\u00e9e de ces marques, logos et signes distinctifs constitue une contrefa\u00e7on passible de sanctions p\u00e9nales. Le contrevenant s&#8217;expose \u00e0 des sanctions civiles et p\u00e9nales et notamment aux peines pr\u00e9vues aux articles L. 335.2 et L. 343.1 du code de la Propri\u00e9t\u00e9 Intellectuelle.<strong><strong>\u00a0<\/strong><\/strong><\/p>\n<p>L\u2019Utilisateur est seul responsable du Contenu Utilisateur qu\u2019il met en ligne via le Service, ainsi que des textes et\/ou opinions qu\u2019il formule. L&#8217;Utilisateur c\u00e8de express\u00e9ment et gracieusement \u00e0 arno-sas.scopika.com tous droits de propri\u00e9t\u00e9 intellectuelle y aff\u00e9rant et notamment le droit de reproduction, de repr\u00e9sentation et d&#8217;adaptation, pour la dur\u00e9e l\u00e9gale de protection des droits d&#8217;auteur. Il s\u2019engage notamment \u00e0 ce que ces donn\u00e9es ne soient pas de nature \u00e0 porter atteinte aux int\u00e9r\u00eats l\u00e9gitimes de tiers quels qu\u2019ils soient. A ce titre, il garantit arno-sas.scopika.com contre tous recours, fond\u00e9s directement ou indirectement sur ces propos et\/ou donn\u00e9es, susceptibles d\u2019\u00eatre intent\u00e9s par quiconque \u00e0 l\u2019encontre de arno-sas.scopika.com. Il s\u2019engage en particulier \u00e0 prendre en charge le paiement des sommes, quelles qu\u2019elles soient, r\u00e9sultant du recours d&#8217;un tiers \u00e0 l&#8217;encontre de arno-sas.scopika.com, y compris les honoraires d\u2019avocat et frais de justice.<\/p>\n<p>arno-sas.scopika.com se r\u00e9serve le droit de supprimer tout ou partie du Contenu Utilisateur, \u00e0 tout moment et pour quelque raison que ce soit, sans avertissement ou justification pr\u00e9alable. L&#8217;Utilisateur ne pourra faire valoir aucune r\u00e9clamation \u00e0 ce titre.<\/p>\n<h2><b>Personal data<\/b><\/h2>\n<p>In a logic of respect for the privacy of its Users, The Service undertakes that the collection and processing of personal information, carried out within this site, shall be carried out in accordance with the law n \u00b0 78-17 of January 6, 1978 relating to computers, files and freedoms, known as the \u201cInformatique et Libert\u00e9s\u201d law.The site is not declared to the CNIL because it does not collect personal data.<br \/>\nIn accordance with Article 34 of the \u201cInformatique et Libert\u00e9s\u201d law, the Service guarantees the User the right to oppose, access and rectify personal data concerning him.<br \/>\nThe User has the possibility to exercise this right by coming directly in contact by the following address :\u00a0contact@arno-sas.fr.<\/p>\n<h2><b>Limits of liability<\/b><\/h2>\n<p>The information disseminated on the Service comes from reputable sources. However, the Service can not guarantee the accuracy or relevance of this data. In addition, the information provided on this site is for informational purposes only and does not constitute in any way advice or a recommendation of any nature whatsoever.<br \/>\nAccordingly, the use of information and content available on the entire site, can not in any way engage the responsibility of the Service, for any reason whatsoever. The User is solely responsible for the proper use, with discernment and wit, of the information made available on the Site.<br \/>\nFurthermore, the user undertakes to indemnify the Service for any harmful consequences directly or indirectly related to the use he makes of the Service.<br \/>\nAccess to certain sections of the Service requires the use of an Identifier and a Password. The password, chosen by the user, is personal and confidential. The user undertakes to keep his password secret and not to disclose it in any form whatsoever. The use of his username and password through the internet is at the risk and peril of the user. It is the User\u2019s responsibility to take all necessary measures to protect his own data against any infringement.<br \/>\nThe Service nevertheless undertakes to put in place all the necessary means to guarantee the security and confidentiality of the data transmitted. The User is informed that one or more cookies, containing no personal information, may be placed on his hard drive to ensure his identification.<br \/>\nThe User admits to know the limitations and constraints specific to the internet network and, as such, recognizes in particular the impossibility of a total guarantee of the security of the exchanges of data.The Service can not be held liable for damages resulting from the transmission of any information, including that of its username and \/ or password, via the Service.<br \/>\nThe Service shall in no case, within the limits of applicable law, be held liable for damage and \/ or damage, direct or indirect, material or immaterial, or of any nature whatsoever, resulting from unavailability of the Service or from any Use of the Service. The term \u201cuse\u201d should be understood in the broad sense, that is to say any use of the site whatsoever, lawful or not.<br \/>\nThe User undertakes, in a general way, to respect all the regulations in force in France..<\/p>\n<h2><b>Hypertext links<\/b><\/h2>\n<p>The Service offers hypertext links to websites published and \/ or managed by third parties.<br \/>\nTo the extent that no control is exercised over these external resources, the User acknowledges that the Service assumes no responsibility for the provision of these resources, and can not be held responsible for their content.<\/p>\n<h2><b>Force majeure<\/b><\/h2>\n<p>The responsibility of the Service can not be engaged in case of force majeure or facts beyond its control.<\/p>\n<h2><b>Evolution of this contract<\/b><\/h2>\n<p>the Service reserves the right to modify the terms, conditions and mentions of this contract at any time.<br \/>\nIt is thus advised to the User to regularly consult the last version of the Terms of Use available on the Service.<\/p>\n<h2><b>Duration and termination<\/b><\/h2>\n<p>This contract is concluded for an indefinite period from the use of the Service by the User.<\/p>\n<h2><b>Applicable law and competent jurisdiction<\/b><\/h2>\n<p>The rules of law, applicable to content and data transmissions on and around the site, are determined by French law. In case of dispute, not being able to be the subject of an amicable agreement, only the French courts within the competence of the court of appeal of Clermont-ferrand are competent.<\/p>\n<h2>Credits<\/h2>\n<p>Photos\u00a0Credit : J\u00e9r\u00f4me Cambier<br \/>\nVideo\u00a0Credits : J\u00e9r\u00f4me Cambier[\/vc_column_text][\/vc_column][\/vc_row]<\/p>\n<\/div>","protected":false},"excerpt":{"rendered":"<p>[vc_row][vc_column][vc_column_text] Objet The purpose of these Terms and Conditions is to define the terms and conditions for making the services available on the site www.arno-sas.fr, hereinafter named \u00ab le Service \u00bb and the conditions of use of the Service by the User. Any access and \/ or use of the Service implies the acceptance and [&hellip;]<\/p>\n","protected":false},"author":1,"featured_media":0,"parent":0,"menu_order":0,"comment_status":"open","ping_status":"open","template":"","meta":{"footnotes":""},"class_list":["post-794","page","type-page","status-publish","hentry"],"yoast_head":"<!-- This site is optimized with the Yoast SEO plugin v26.7 - https:\/\/yoast.com\/wordpress\/plugins\/seo\/ -->\n<title>Legal Notice - Arno SAS<\/title>\n<meta name=\"robots\" content=\"index, follow, max-snippet:-1, max-image-preview:large, max-video-preview:-1\" \/>\n<link rel=\"canonical\" href=\"https:\/\/www.arno-sas.fr\/en\/legal-notice\/\" \/>\n<meta property=\"og:locale\" content=\"en_US\" \/>\n<meta property=\"og:type\" content=\"article\" \/>\n<meta property=\"og:title\" content=\"Legal Notice - Arno SAS\" \/>\n<meta property=\"og:description\" content=\"[vc_row][vc_column][vc_column_text] Objet The purpose of these Terms and Conditions is to define the terms and conditions for making the services available on the site www.arno-sas.fr, hereinafter named \u00ab le Service \u00bb and the conditions of use of the Service by the User. Any access and \/ or use of the Service implies the acceptance and [&hellip;]\" \/>\n<meta property=\"og:url\" content=\"https:\/\/www.arno-sas.fr\/en\/legal-notice\/\" \/>\n<meta property=\"og:site_name\" content=\"Arno SAS\" \/>\n<meta property=\"article:modified_time\" content=\"2018-11-20T14:55:36+00:00\" \/>\n<meta name=\"twitter:label1\" content=\"Est. reading time\" \/>\n\t<meta name=\"twitter:data1\" content=\"8 minutes\" \/>\n<script type=\"application\/ld+json\" class=\"yoast-schema-graph\">{\"@context\":\"https:\/\/schema.org\",\"@graph\":[{\"@type\":\"WebPage\",\"@id\":\"https:\/\/www.arno-sas.fr\/en\/legal-notice\/\",\"url\":\"https:\/\/www.arno-sas.fr\/en\/legal-notice\/\",\"name\":\"Legal Notice - Arno SAS\",\"isPartOf\":{\"@id\":\"https:\/\/www.arno-sas.fr\/#website\"},\"datePublished\":\"2018-10-25T07:26:13+00:00\",\"dateModified\":\"2018-11-20T14:55:36+00:00\",\"breadcrumb\":{\"@id\":\"https:\/\/www.arno-sas.fr\/en\/legal-notice\/#breadcrumb\"},\"inLanguage\":\"en-US\",\"potentialAction\":[{\"@type\":\"ReadAction\",\"target\":[\"https:\/\/www.arno-sas.fr\/en\/legal-notice\/\"]}]},{\"@type\":\"BreadcrumbList\",\"@id\":\"https:\/\/www.arno-sas.fr\/en\/legal-notice\/#breadcrumb\",\"itemListElement\":[{\"@type\":\"ListItem\",\"position\":1,\"name\":\"Accueil\",\"item\":\"https:\/\/www.arno-sas.fr\/en\/\"},{\"@type\":\"ListItem\",\"position\":2,\"name\":\"Legal Notice\"}]},{\"@type\":\"WebSite\",\"@id\":\"https:\/\/www.arno-sas.fr\/#website\",\"url\":\"https:\/\/www.arno-sas.fr\/\",\"name\":\"Arno SAS\",\"description\":\"Fabricant et forge de lames industrielles et outils tranchants\",\"potentialAction\":[{\"@type\":\"SearchAction\",\"target\":{\"@type\":\"EntryPoint\",\"urlTemplate\":\"https:\/\/www.arno-sas.fr\/?s={search_term_string}\"},\"query-input\":{\"@type\":\"PropertyValueSpecification\",\"valueRequired\":true,\"valueName\":\"search_term_string\"}}],\"inLanguage\":\"en-US\"}]}<\/script>\n<!-- \/ Yoast SEO plugin. -->","yoast_head_json":{"title":"Legal Notice - Arno SAS","robots":{"index":"index","follow":"follow","max-snippet":"max-snippet:-1","max-image-preview":"max-image-preview:large","max-video-preview":"max-video-preview:-1"},"canonical":"https:\/\/www.arno-sas.fr\/en\/legal-notice\/","og_locale":"en_US","og_type":"article","og_title":"Legal Notice - Arno SAS","og_description":"[vc_row][vc_column][vc_column_text] Objet The purpose of these Terms and Conditions is to define the terms and conditions for making the services available on the site www.arno-sas.fr, hereinafter named \u00ab le Service \u00bb and the conditions of use of the Service by the User. Any access and \/ or use of the Service implies the acceptance and [&hellip;]","og_url":"https:\/\/www.arno-sas.fr\/en\/legal-notice\/","og_site_name":"Arno SAS","article_modified_time":"2018-11-20T14:55:36+00:00","twitter_misc":{"Est. reading time":"8 minutes"},"schema":{"@context":"https:\/\/schema.org","@graph":[{"@type":"WebPage","@id":"https:\/\/www.arno-sas.fr\/en\/legal-notice\/","url":"https:\/\/www.arno-sas.fr\/en\/legal-notice\/","name":"Legal Notice - Arno SAS","isPartOf":{"@id":"https:\/\/www.arno-sas.fr\/#website"},"datePublished":"2018-10-25T07:26:13+00:00","dateModified":"2018-11-20T14:55:36+00:00","breadcrumb":{"@id":"https:\/\/www.arno-sas.fr\/en\/legal-notice\/#breadcrumb"},"inLanguage":"en-US","potentialAction":[{"@type":"ReadAction","target":["https:\/\/www.arno-sas.fr\/en\/legal-notice\/"]}]},{"@type":"BreadcrumbList","@id":"https:\/\/www.arno-sas.fr\/en\/legal-notice\/#breadcrumb","itemListElement":[{"@type":"ListItem","position":1,"name":"Accueil","item":"https:\/\/www.arno-sas.fr\/en\/"},{"@type":"ListItem","position":2,"name":"Legal Notice"}]},{"@type":"WebSite","@id":"https:\/\/www.arno-sas.fr\/#website","url":"https:\/\/www.arno-sas.fr\/","name":"Arno SAS","description":"Fabricant et forge de lames industrielles et outils tranchants","potentialAction":[{"@type":"SearchAction","target":{"@type":"EntryPoint","urlTemplate":"https:\/\/www.arno-sas.fr\/?s={search_term_string}"},"query-input":{"@type":"PropertyValueSpecification","valueRequired":true,"valueName":"search_term_string"}}],"inLanguage":"en-US"}]}},"_links":{"self":[{"href":"https:\/\/www.arno-sas.fr\/en\/wp-json\/wp\/v2\/pages\/794","targetHints":{"allow":["GET"]}}],"collection":[{"href":"https:\/\/www.arno-sas.fr\/en\/wp-json\/wp\/v2\/pages"}],"about":[{"href":"https:\/\/www.arno-sas.fr\/en\/wp-json\/wp\/v2\/types\/page"}],"author":[{"embeddable":true,"href":"https:\/\/www.arno-sas.fr\/en\/wp-json\/wp\/v2\/users\/1"}],"replies":[{"embeddable":true,"href":"https:\/\/www.arno-sas.fr\/en\/wp-json\/wp\/v2\/comments?post=794"}],"version-history":[{"count":6,"href":"https:\/\/www.arno-sas.fr\/en\/wp-json\/wp\/v2\/pages\/794\/revisions"}],"predecessor-version":[{"id":990,"href":"https:\/\/www.arno-sas.fr\/en\/wp-json\/wp\/v2\/pages\/794\/revisions\/990"}],"wp:attachment":[{"href":"https:\/\/www.arno-sas.fr\/en\/wp-json\/wp\/v2\/media?parent=794"}],"curies":[{"name":"wp","href":"https:\/\/api.w.org\/{rel}","templated":true}]}}